{"id":956,"date":"2020-10-22T15:18:23","date_gmt":"2020-10-22T14:18:23","guid":{"rendered":"https:\/\/www.brodatsfilafil.com\/producte\/babero-impermeable-de-rizo\/"},"modified":"2024-09-22T23:29:53","modified_gmt":"2024-09-22T22:29:53","slug":"babero-impermeable-de-rizo","status":"publish","type":"product","link":"https:\/\/www.brodatsfilafil.com\/es\/producto\/babero-impermeable-de-rizo\/","title":{"rendered":"Babero impermeable de rizo"},"content":{"rendered":"","protected":false},"excerpt":{"rendered":"<p>Babero de rizo blanco de 3 capas, imperbeable, con ribete de color.<\/p>\n<p>Dispone de dos clicks de cierre para que crezca con el beb\u00e9 y se adapte a su cuello.<\/p>\n<p>El babero es impermeable porque lleva una capa intermedia de PVC que evita que el l\u00edquido traspase.<\/p>\n<p>El <strong>bordado est\u00e1 incluido en el precio<\/strong> y se borda con el color a tono m\u00e1s subido.<\/p>\n<p><em>Instrucciones<\/em>: Selecciona el color, escoge el tipo de letra (podr\u00e1s ver un ejemplo en la \u00faltima fotograf\u00eda del producto) e indica el nombre o iniciales que quieres bordar.<\/p>\n","protected":false},"featured_media":969,"template":"","meta":[],"_links":{"self":[{"href":"https:\/\/www.brodatsfilafil.com\/es\/wp-json\/wp\/v2\/product\/956"}],"collection":[{"href":"https:\/\/www.brodatsfilafil.com\/es\/wp-json\/wp\/v2\/product"}],"about":[{"href":"https:\/\/www.brodatsfilafil.com\/es\/wp-json\/wp\/v2\/types\/product"}],"wp:featuredmedia":[{"embeddable":true,"href":"https:\/\/www.brodatsfilafil.com\/es\/wp-json\/wp\/v2\/media\/969"}],"wp:attachment":[{"href":"https:\/\/www.brodatsfilafil.com\/es\/wp-json\/wp\/v2\/media?parent=956"}],"curies":[{"name":"wp","href":"https:\/\/api.w.org\/{rel}","templated":true}]}}