{"id":946,"date":"2020-10-22T16:02:55","date_gmt":"2020-10-22T15:02:55","guid":{"rendered":"https:\/\/www.brodatsfilafil.com\/producte\/babero-con-goma\/"},"modified":"2024-09-22T23:30:10","modified_gmt":"2024-09-22T22:30:10","slug":"babero-con-goma","status":"publish","type":"product","link":"https:\/\/www.brodatsfilafil.com\/es\/producto\/babero-con-goma\/","title":{"rendered":"Babero con goma"},"content":{"rendered":"","protected":false},"excerpt":{"rendered":"<p>Babero de rizo blanco de 3 capas, impermeable, con ribete de color. El babero tiene el cierre de goma, par pasarlo por la cabeza.<\/p>\n<p>Perfecto para la guarder\u00eda.<\/p>\n<p>El babero es impermeable porque lleva una capa intermedia de PVC que evita que el l\u00edquido traspase.<\/p>\n<p>El <strong>bordado est\u00e1 incluido en el precio<\/strong> y se borda con el color a tono m\u00e1s subido.<\/p>\n<p><em>Instrucciones<\/em>: Selecciona el color, escoge el tipo de letra (podr\u00e1s ver un ejemplo en la \u00faltima fotograf\u00eda del producto) e indica el nombre o iniciales que quieres bordar.<\/p>\n","protected":false},"featured_media":953,"template":"","meta":[],"_links":{"self":[{"href":"https:\/\/www.brodatsfilafil.com\/es\/wp-json\/wp\/v2\/product\/946"}],"collection":[{"href":"https:\/\/www.brodatsfilafil.com\/es\/wp-json\/wp\/v2\/product"}],"about":[{"href":"https:\/\/www.brodatsfilafil.com\/es\/wp-json\/wp\/v2\/types\/product"}],"wp:featuredmedia":[{"embeddable":true,"href":"https:\/\/www.brodatsfilafil.com\/es\/wp-json\/wp\/v2\/media\/953"}],"wp:attachment":[{"href":"https:\/\/www.brodatsfilafil.com\/es\/wp-json\/wp\/v2\/media?parent=946"}],"curies":[{"name":"wp","href":"https:\/\/api.w.org\/{rel}","templated":true}]}}