{"id":943,"date":"2020-10-22T16:10:09","date_gmt":"2020-10-22T15:10:09","guid":{"rendered":"https:\/\/www.brodatsfilafil.com\/producte\/capa-de-bano\/"},"modified":"2024-09-22T23:28:46","modified_gmt":"2024-09-22T22:28:46","slug":"capa-de-bano","status":"publish","type":"product","link":"https:\/\/www.brodatsfilafil.com\/es\/producto\/capa-de-bano\/","title":{"rendered":"Capa de ba\u00f1o"},"content":{"rendered":"","protected":false},"excerpt":{"rendered":"<p>Capa de ba\u00f1o de rizo de algod\u00f3n blanco de 1m x 1m, ribeteada de color.<\/p>\n<p>Nuestros clientes utilizan las capas desde reci\u00e9n nacidos hasta los 6 a\u00f1os. Son muy c\u00f3modas y pr\u00e1cticas, todos lo dicen<\/p>\n<p>El <strong>bordado est\u00e1 incluido en el precio<\/strong> y se borda con el color a tono m\u00e1s subido.<\/p>\n<p><em>Instrucciones<\/em>: Selecciona el color, escoge el tipo de letra (podr\u00e1s ver un ejemplo en la \u00faltima fotograf\u00eda del producto) e indica el nombre o iniciales que quieres bordar.<\/p>\n","protected":false},"featured_media":945,"template":"","meta":[],"_links":{"self":[{"href":"https:\/\/www.brodatsfilafil.com\/es\/wp-json\/wp\/v2\/product\/943"}],"collection":[{"href":"https:\/\/www.brodatsfilafil.com\/es\/wp-json\/wp\/v2\/product"}],"about":[{"href":"https:\/\/www.brodatsfilafil.com\/es\/wp-json\/wp\/v2\/types\/product"}],"wp:featuredmedia":[{"embeddable":true,"href":"https:\/\/www.brodatsfilafil.com\/es\/wp-json\/wp\/v2\/media\/945"}],"wp:attachment":[{"href":"https:\/\/www.brodatsfilafil.com\/es\/wp-json\/wp\/v2\/media?parent=943"}],"curies":[{"name":"wp","href":"https:\/\/api.w.org\/{rel}","templated":true}]}}