{"id":936,"date":"2020-10-22T16:18:15","date_gmt":"2020-10-22T15:18:15","guid":{"rendered":"https:\/\/www.brodatsfilafil.com\/producte\/neceser-de-pique\/"},"modified":"2024-09-22T23:27:54","modified_gmt":"2024-09-22T22:27:54","slug":"neceser-de-pique","status":"publish","type":"product","link":"https:\/\/www.brodatsfilafil.com\/es\/producto\/neceser-de-pique\/","title":{"rendered":"Neceser de piqu\u00e9"},"content":{"rendered":"","protected":false},"excerpt":{"rendered":"<p>Neceser de algod\u00f3n de piqu\u00e9, perfecto para guardar las cremas, productos de ba\u00f1o, etc. de los ni\u00f1os.<\/p>\n<p>Medidas: 23 x 17 cm<\/p>\n<p>El <strong>bordado est\u00e1 incluido en el precio<\/strong> y se borda con el color a tono m\u00e1s subido.<\/p>\n<p><em>Instrucciones<\/em>: Selecciona el color, escoge el tipo de letra (podr\u00e1s ver un ejemplo en la \u00faltima fotograf\u00eda del producto) e indica el nombre o iniciales que quieres bordar.<\/p>\n","protected":false},"featured_media":942,"template":"","meta":[],"_links":{"self":[{"href":"https:\/\/www.brodatsfilafil.com\/es\/wp-json\/wp\/v2\/product\/936"}],"collection":[{"href":"https:\/\/www.brodatsfilafil.com\/es\/wp-json\/wp\/v2\/product"}],"about":[{"href":"https:\/\/www.brodatsfilafil.com\/es\/wp-json\/wp\/v2\/types\/product"}],"wp:featuredmedia":[{"embeddable":true,"href":"https:\/\/www.brodatsfilafil.com\/es\/wp-json\/wp\/v2\/media\/942"}],"wp:attachment":[{"href":"https:\/\/www.brodatsfilafil.com\/es\/wp-json\/wp\/v2\/media?parent=936"}],"curies":[{"name":"wp","href":"https:\/\/api.w.org\/{rel}","templated":true}]}}