{"id":920,"date":"2020-10-22T16:25:22","date_gmt":"2020-10-22T15:25:22","guid":{"rendered":"https:\/\/www.brodatsfilafil.com\/producte\/bolsa-de-pique\/"},"modified":"2024-09-22T23:27:23","modified_gmt":"2024-09-22T22:27:23","slug":"bolsa-de-pique","status":"publish","type":"product","link":"https:\/\/www.brodatsfilafil.com\/es\/producto\/bolsa-de-pique\/","title":{"rendered":"Bolsa de piqu\u00e9"},"content":{"rendered":"","protected":false},"excerpt":{"rendered":"<p>Bolsa de algod\u00f3n de dos medidas. Perfectas para la roba, zapatos, merienda&#8230;<\/p>\n<ul>\n<li>Bolsa peque\u00f1a: 23 x 30 cm<\/li>\n<li>Bolsa grande: 37 x 42 cm<\/li>\n<\/ul>\n<p>El <strong>bordado est\u00e1 incluido en el precio<\/strong> y se borda con el color a tono m\u00e1s subido.<\/p>\n<p><em>Instrucciones<\/em>: Selecciona el color, escoge el tipo de letra (podr\u00e1s ver un ejemplo en la \u00faltima fotograf\u00eda del producto) e indica el nombre o iniciales que quieres bordar.<\/p>\n","protected":false},"featured_media":931,"template":"","meta":[],"_links":{"self":[{"href":"https:\/\/www.brodatsfilafil.com\/es\/wp-json\/wp\/v2\/product\/920"}],"collection":[{"href":"https:\/\/www.brodatsfilafil.com\/es\/wp-json\/wp\/v2\/product"}],"about":[{"href":"https:\/\/www.brodatsfilafil.com\/es\/wp-json\/wp\/v2\/types\/product"}],"wp:featuredmedia":[{"embeddable":true,"href":"https:\/\/www.brodatsfilafil.com\/es\/wp-json\/wp\/v2\/media\/931"}],"wp:attachment":[{"href":"https:\/\/www.brodatsfilafil.com\/es\/wp-json\/wp\/v2\/media?parent=920"}],"curies":[{"name":"wp","href":"https:\/\/api.w.org\/{rel}","templated":true}]}}