{"id":906,"date":"2020-10-22T16:32:16","date_gmt":"2020-10-22T15:32:16","guid":{"rendered":"https:\/\/www.brodatsfilafil.com\/producte\/sobre-de-pique\/"},"modified":"2024-09-22T23:26:33","modified_gmt":"2024-09-22T22:26:33","slug":"sobre-de-pique","status":"publish","type":"product","link":"https:\/\/www.brodatsfilafil.com\/es\/producto\/sobre-de-pique\/","title":{"rendered":"Sobre de piqu\u00e9"},"content":{"rendered":"","protected":false},"excerpt":{"rendered":"<p>Sobre de algod\u00f3n de piqu\u00e9 blanco ribeteado de color, de dos medidas. Perfecto para la ropa.<\/p>\n<ul>\n<li>Sobre peque\u00f1o: 28 x 22 cm<\/li>\n<li>Sobre grande: 38 x 30 cm<\/li>\n<\/ul>\n<p>El <strong>bordado est\u00e1 incluido en el precio<\/strong> y se borda con el color a tono m\u00e1s subido.<\/p>\n<p><em>Instrucciones<\/em>: Selecciona el color, escoge el tipo de letra (podr\u00e1s ver un ejemplo en la \u00faltima fotograf\u00eda del producto) e indica el nombre o iniciales que quieres bordar.<\/p>\n","protected":false},"featured_media":915,"template":"","meta":[],"_links":{"self":[{"href":"https:\/\/www.brodatsfilafil.com\/es\/wp-json\/wp\/v2\/product\/906"}],"collection":[{"href":"https:\/\/www.brodatsfilafil.com\/es\/wp-json\/wp\/v2\/product"}],"about":[{"href":"https:\/\/www.brodatsfilafil.com\/es\/wp-json\/wp\/v2\/types\/product"}],"wp:featuredmedia":[{"embeddable":true,"href":"https:\/\/www.brodatsfilafil.com\/es\/wp-json\/wp\/v2\/media\/915"}],"wp:attachment":[{"href":"https:\/\/www.brodatsfilafil.com\/es\/wp-json\/wp\/v2\/media?parent=906"}],"curies":[{"name":"wp","href":"https:\/\/api.w.org\/{rel}","templated":true}]}}