{"id":901,"date":"2020-10-22T16:59:34","date_gmt":"2020-10-22T15:59:34","guid":{"rendered":"https:\/\/www.brodatsfilafil.com\/producte\/manta-para-la-cuna\/"},"modified":"2024-09-22T23:25:53","modified_gmt":"2024-09-22T22:25:53","slug":"manta-para-la-cuna","status":"publish","type":"product","link":"https:\/\/www.brodatsfilafil.com\/es\/producto\/manta-para-la-cuna\/","title":{"rendered":"Manta para la cuna"},"content":{"rendered":"","protected":false},"excerpt":{"rendered":"<p>Manta muy suave para la cuna de 120cm x 140cm.<\/p>\n<p>Las mantas tienen a conjunto el Doudou tambi\u00e9n muy suave, son todo un \u00e9xito.<\/p>\n<p>El <strong>bordado est\u00e1 incluido en el precio<\/strong> y se borda con el color a tono m\u00e1s subido.<\/p>\n<p><em>Instrucciones<\/em>: Selecciona el color, escoge el tipo de letra (podr\u00e1s ver un ejemplo en la \u00faltima fotograf\u00eda del producto) e indica el nombre o iniciales que quieres bordar.<\/p>\n","protected":false},"featured_media":900,"template":"","meta":[],"_links":{"self":[{"href":"https:\/\/www.brodatsfilafil.com\/es\/wp-json\/wp\/v2\/product\/901"}],"collection":[{"href":"https:\/\/www.brodatsfilafil.com\/es\/wp-json\/wp\/v2\/product"}],"about":[{"href":"https:\/\/www.brodatsfilafil.com\/es\/wp-json\/wp\/v2\/types\/product"}],"wp:featuredmedia":[{"embeddable":true,"href":"https:\/\/www.brodatsfilafil.com\/es\/wp-json\/wp\/v2\/media\/900"}],"wp:attachment":[{"href":"https:\/\/www.brodatsfilafil.com\/es\/wp-json\/wp\/v2\/media?parent=901"}],"curies":[{"name":"wp","href":"https:\/\/api.w.org\/{rel}","templated":true}]}}