{"id":883,"date":"2020-10-22T17:40:51","date_gmt":"2020-10-22T16:40:51","guid":{"rendered":"https:\/\/www.brodatsfilafil.com\/producte\/conjunto-manta-y-doudou\/"},"modified":"2024-09-22T23:25:28","modified_gmt":"2024-09-22T22:25:28","slug":"conjunto-manta-y-doudou","status":"publish","type":"product","link":"https:\/\/www.brodatsfilafil.com\/es\/producto\/conjunto-manta-y-doudou\/","title":{"rendered":"Conjunto manta y doudou"},"content":{"rendered":"","protected":false},"excerpt":{"rendered":"<p>Conjunto de manta muy suave para la cuna de 120cm x 140cm y Doudou.<\/p>\n<p>El <strong>bordado est\u00e1 incluido en el precio<\/strong> y se borda con el color a tono m\u00e1s subido. En el caso que elij\u00e1is dos colores, se pueden bordar intercambiados.<\/p>\n<p><em>Instrucciones<\/em>: Selecciona el color, escoge el tipo de letra (podr\u00e1s ver un ejemplo en la \u00faltima fotograf\u00eda del producto) e indica el nombre o iniciales que quieres bordar.<\/p>\n","protected":false},"featured_media":882,"template":"","meta":[],"_links":{"self":[{"href":"https:\/\/www.brodatsfilafil.com\/es\/wp-json\/wp\/v2\/product\/883"}],"collection":[{"href":"https:\/\/www.brodatsfilafil.com\/es\/wp-json\/wp\/v2\/product"}],"about":[{"href":"https:\/\/www.brodatsfilafil.com\/es\/wp-json\/wp\/v2\/types\/product"}],"wp:featuredmedia":[{"embeddable":true,"href":"https:\/\/www.brodatsfilafil.com\/es\/wp-json\/wp\/v2\/media\/882"}],"wp:attachment":[{"href":"https:\/\/www.brodatsfilafil.com\/es\/wp-json\/wp\/v2\/media?parent=883"}],"curies":[{"name":"wp","href":"https:\/\/api.w.org\/{rel}","templated":true}]}}