{"id":876,"date":"2020-10-22T17:45:11","date_gmt":"2020-10-22T16:45:11","guid":{"rendered":"https:\/\/www.brodatsfilafil.com\/producte\/doudou\/"},"modified":"2024-09-22T23:23:44","modified_gmt":"2024-09-22T22:23:44","slug":"doudou","status":"publish","type":"product","link":"https:\/\/www.brodatsfilafil.com\/es\/producto\/doudou\/","title":{"rendered":"Doudou"},"content":{"rendered":"","protected":false},"excerpt":{"rendered":"<p>Doudou muy suave. Son un \u00e9xito, los ni\u00f1os que lo tienen no quieren otro.<\/p>\n<p>Los Doudous tienen a conjunto la manta suave.<\/p>\n<p>El <strong>bordado est\u00e1 incluido en el precio<\/strong> y se borda con el color a tono m\u00e1s subido.<\/p>\n<p><em>Instrucciones<\/em>: Selecciona el color, escoge el tipo de letra (podr\u00e1s ver un ejemplo en la \u00faltima fotograf\u00eda del producto) e indica el nombre o iniciales que quieres bordar.<\/p>\n","protected":false},"featured_media":881,"template":"","meta":[],"_links":{"self":[{"href":"https:\/\/www.brodatsfilafil.com\/es\/wp-json\/wp\/v2\/product\/876"}],"collection":[{"href":"https:\/\/www.brodatsfilafil.com\/es\/wp-json\/wp\/v2\/product"}],"about":[{"href":"https:\/\/www.brodatsfilafil.com\/es\/wp-json\/wp\/v2\/types\/product"}],"wp:featuredmedia":[{"embeddable":true,"href":"https:\/\/www.brodatsfilafil.com\/es\/wp-json\/wp\/v2\/media\/881"}],"wp:attachment":[{"href":"https:\/\/www.brodatsfilafil.com\/es\/wp-json\/wp\/v2\/media?parent=876"}],"curies":[{"name":"wp","href":"https:\/\/api.w.org\/{rel}","templated":true}]}}