{"id":784,"date":"2013-08-21T22:01:37","date_gmt":"2013-08-21T21:01:37","guid":{"rendered":"https:\/\/www.brodatsfilafil.com\/serveis\/"},"modified":"2020-12-02T18:57:21","modified_gmt":"2020-12-02T17:57:21","slug":"servicios","status":"publish","type":"page","link":"https:\/\/www.brodatsfilafil.com\/es\/servicios\/","title":{"rendered":"Qu\u00e9 Bordamos"},"content":{"rendered":"<p>[vc_row css_animation=\u00bb\u00bb row_type=\u00bbrow\u00bb use_row_as_full_screen_section=\u00bbno\u00bb type=\u00bbgrid\u00bb angled_section=\u00bbno\u00bb text_align=\u00bbcenter\u00bb background_image_as_pattern=\u00bbwithout_pattern\u00bb z_index=\u00bb\u00bb][vc_column][qode_elements_holder number_of_columns=\u00bbone_column\u00bb][qode_elements_holder_item horizontal_alignment=\u00bbcenter\u00bb advanced_animations=\u00bbno\u00bb item_padding=\u00bb0 14% 0 14%\u00bb][vc_column_text]<\/p>\n<h1>Qu\u00e9 bordamos?<\/h1>\n<p>[\/vc_column_text][vc_empty_space][vc_column_text]En nuestra tienda podr\u00e1s <strong>bordar todo el que necesites<\/strong>, juegos de cama, cazadoras, almohadas, toallas, fundas de sof\u00e1, mantas de caballo, camisas, pa\u00f1uelos,\u00a0polos, mochilas,\u00a0monos\u00a0de esquiar, batas de colegio, uniformes escolares, delantales, corbatas, obsequios de boda&#8230; todo el que te puedas imaginar y mucho m\u00e1s.<\/p>\n<p>Hay qui\u00e9n dice \u201c<em>Si no te lo hacen en Brodats Fil a Fil, no te lo hacen en ninguna parte<\/em>\u201d. Nos gusta superar todos los retos que nos propon\u00e9is porque nuestro trabajo nos encanta.<\/p>\n<p>No lo dudes, ven al taller y disfrutar\u00e1s de una atenci\u00f3n personalizada, te aconsejaremos con todo el que necesites, colores, medidas, posici\u00f3n&#8230;[\/vc_column_text][\/qode_elements_holder_item][\/qode_elements_holder][vc_empty_space height=\u00bb50px\u00bb][\/vc_column][\/vc_row][vc_row css_animation=\u00bb\u00bb row_type=\u00bbrow\u00bb use_row_as_full_screen_section=\u00bbno\u00bb type=\u00bbgrid\u00bb angled_section=\u00bbno\u00bb text_align=\u00bbleft\u00bb background_image_as_pattern=\u00bbwithout_pattern\u00bb z_index=\u00bb\u00bb anchor=\u00bbpicatges\u00bb][vc_column][qode_elements_holder number_of_columns=\u00bbtwo_columns\u00bb][qode_elements_holder_item vertical_alignment=\u00bbmiddle\u00bb horizontal_alignment=\u00bbcenter\u00bb advanced_animations=\u00bbno\u00bb][vc_single_image image=\u00bb753&#8243; img_size=\u00bbfull\u00bb alignment=\u00bbcenter\u00bb qode_css_animation=\u00bb\u00bb][\/qode_elements_holder_item][qode_elements_holder_item advanced_animations=\u00bbno\u00bb item_padding=\u00bb20px 10% 20px 10%\u00bb][vc_column_text]<\/p>\n<h3>Picajes<\/h3>\n<p>Somos especialistas en picajes de bordados, nuestra experiencia y profesionalidad hace que los picajes sean id\u00e9nticos al impreso o fotograf\u00eda que nos ense\u00f1es. Trae tu logotipo familiar, el logo de la empresa, un dibujo que quieras bordar o una fotograf\u00eda y nosotros te haremos el picaje para poderlo bordar a cualquier prenda en cualquier medida y cualquier color.<\/p>\n<p><em>Si te est\u00e1s preguntando que es un picaje, sigue leyendo<\/em>:<\/p>\n<p>Es lo que se necesita para que la m\u00e1quina borde el dise\u00f1o que t\u00fa quieres. Se podr\u00eda decir que equivale al que a imprenta denominan un fotolito. Se trata de decir a la aguja qu\u00e9 camino tiene que seguir para poder bordar el que t\u00fa nos llevas. Todo esto lo hacemos con un programa especial de bordados.<\/p>\n<p>Si dicen que lo que no hacemos nosotros no lo hace nadie, es porque hemos hecho los picajes m\u00e1s dif\u00edciles y atrevidos.[\/vc_column_text][\/qode_elements_holder_item][\/qode_elements_holder][\/vc_column][\/vc_row][vc_row css_animation=\u00bb\u00bb row_type=\u00bbrow\u00bb use_row_as_full_screen_section=\u00bbno\u00bb type=\u00bbgrid\u00bb angled_section=\u00bbno\u00bb text_align=\u00bbleft\u00bb background_image_as_pattern=\u00bbwithout_pattern\u00bb z_index=\u00bb\u00bb anchor=\u00bbnoms\u00bb][vc_column][qode_elements_holder number_of_columns=\u00bbtwo_columns\u00bb][qode_elements_holder_item vertical_alignment=\u00bbmiddle\u00bb horizontal_alignment=\u00bbleft\u00bb advanced_animations=\u00bbno\u00bb item_padding=\u00bb20px 10% 20px 10%\u00bb][vc_column_text]<\/p>\n<h3>Nombres y escudos<\/h3>\n<p>Bordamos el nombre o las iniciales a todo aquel producto que nos traigas o que tengamos nosotros, como batas, camisas, toallas, s\u00e1banas, almohadas, polos, servilletas, mantel, caminos de mesa, baberos, albornoz\u2026<\/p>\n<p>Tambi\u00e9n bordamos en escudo tu logotipo. No har\u00e1 falta que te preocupes por nada, si lo prefieres, nosotros te proporcionaremos la ropa, una ropa especial para bordar escudos de muy buena calidad.<\/p>\n<p>Podemos bordar desde la unidad hasta la cantidad que necesites, tanto en la ropa directamente como recortado porque t\u00fa mismo lo puedas poner en tus prendes de ropa.<\/p>\n<p>Hemos bordado escudos por restaurantes y hoteles, de clubes, para federaciones, por ropa de trabajo, por peque\u00f1a y gran empresa\u2026[\/vc_column_text][\/qode_elements_holder_item][qode_elements_holder_item advanced_animations=\u00bbno\u00bb][vc_single_image image=\u00bb752&#8243; img_size=\u00bbfull\u00bb qode_css_animation=\u00bb\u00bb][\/qode_elements_holder_item][\/qode_elements_holder][\/vc_column][\/vc_row][vc_row css_animation=\u00bb\u00bb row_type=\u00bbrow\u00bb use_row_as_full_screen_section=\u00bbno\u00bb type=\u00bbgrid\u00bb angled_section=\u00bbno\u00bb text_align=\u00bbleft\u00bb background_image_as_pattern=\u00bbwithout_pattern\u00bb z_index=\u00bb\u00bb anchor=\u00bbempreses\u00bb][vc_column][qode_elements_holder number_of_columns=\u00bbtwo_columns\u00bb][qode_elements_holder_item vertical_alignment=\u00bbmiddle\u00bb horizontal_alignment=\u00bbcenter\u00bb advanced_animations=\u00bbno\u00bb][vc_single_image image=\u00bb750&#8243; img_size=\u00bbfull\u00bb qode_css_animation=\u00bb\u00bb][\/qode_elements_holder_item][qode_elements_holder_item advanced_animations=\u00bbno\u00bb item_padding=\u00bb20px 10% 20px 10%\u00bb][vc_column_text]<\/p>\n<h3>Empresas<\/h3>\n<p>Tienes un restaurante, un hotel, un gimnasio, escuela, club\u2026 o una agencia de\u00a0marketing\u00a0y publicidad?<\/p>\n<p>Necesitas bordar tu logotipo en los uniformes? En Brodats Fil a Fil somos especialistas en bordar ropa de trabajo o piezas importantes de\u00a0marketing. Hemos bordado chaquetas de cocina de los mejores cocineros y pastelera, cat\u00e1logos de productos, camisas y delantales de los mejor restaurantes, uniformas de los mejores hoteles,\u00a0polos\u00a0de los mejores gimnasios\u2026<\/p>\n<p>Si est\u00e1s interesado env\u00eda el logotipo y las cantidades que quieres bordar y te haremos un presupuesto a medida.[\/vc_column_text][\/qode_elements_holder_item][\/qode_elements_holder][\/vc_column][\/vc_row][vc_row css_animation=\u00bb\u00bb row_type=\u00bbrow\u00bb use_row_as_full_screen_section=\u00bbno\u00bb type=\u00bbgrid\u00bb angled_section=\u00bbno\u00bb text_align=\u00bbleft\u00bb background_image_as_pattern=\u00bbwithout_pattern\u00bb z_index=\u00bb\u00bb anchor=\u00bbescoles\u00bb][vc_column][qode_elements_holder number_of_columns=\u00bbtwo_columns\u00bb][qode_elements_holder_item vertical_alignment=\u00bbmiddle\u00bb horizontal_alignment=\u00bbleft\u00bb advanced_animations=\u00bbno\u00bb item_padding=\u00bb20px 10% 20px 10%\u00bb][vc_column_text]<\/p>\n<h3>Escuelas<\/h3>\n<p>En muchas escuelas piden que los ni\u00f1os lleven las batas bordadas. En Brodats Fil a Fil puedes llevar las batas para bordar, siempre hacemos lo posible para que est\u00e9s el menor tiempo posible sin batas, puedes dejarlas todas, llevar una y cuando toque hacer el cambio llevar el otro\u2026 lo que necesites, nos adaptamos a ti!<\/p>\n<p>Conocemos pr\u00e1cticamente todas las normativas de las escuelas de Barcelona, cada colegio tiene sus normas a la hora de bordar el nombre en las batas. Y tambi\u00e9n nos adaptamos a los tiempos actuales y os ayudamos a reaprovechar las batas de hermanos a hermanos, ven y pregunta.<\/p>\n<p>Adem\u00e1s en la tienda encontrar\u00e1s material por la escuela como baberos, bolsas para nataci\u00f3n, bolsas de merendar, bolsas para la muda\u2026 tambi\u00e9n nos puedes traer cualquier prenda que necesites marcar con el nombre para la escuela, como faldas, polos, jerseys, ba\u00f1adores, calcetines, leotardos, chaquetas, mochilas, s\u00e1banas\u2026 Lo bordamos todo.<\/p>\n<p>No solo bordamos material escolar,\u00a0sino\u00a0que ahora ya son var\u00edas las escuelas que nos conf\u00edan el bordado de las bandas de graduaci\u00f3n de sus alumnos.[\/vc_column_text][\/qode_elements_holder_item][qode_elements_holder_item advanced_animations=\u00bbno\u00bb][vc_single_image image=\u00bb751&#8243; img_size=\u00bbfull\u00bb qode_css_animation=\u00bb\u00bb][\/qode_elements_holder_item][\/qode_elements_holder][\/vc_column][\/vc_row][vc_row css_animation=\u00bb\u00bb row_type=\u00bbrow\u00bb use_row_as_full_screen_section=\u00bbno\u00bb type=\u00bbgrid\u00bb angled_section=\u00bbno\u00bb text_align=\u00bbleft\u00bb background_image_as_pattern=\u00bbwithout_pattern\u00bb z_index=\u00bb\u00bb][vc_column][qode_elements_holder number_of_columns=\u00bbtwo_columns\u00bb][qode_elements_holder_item vertical_alignment=\u00bbmiddle\u00bb horizontal_alignment=\u00bbcenter\u00bb advanced_animations=\u00bbno\u00bb][vc_single_image qode_css_animation=\u00bb\u00bb][\/qode_elements_holder_item][qode_elements_holder_item advanced_animations=\u00bbno\u00bb item_padding=\u00bb20px 10% 20px 10%\u00bb][vc_column_text]<\/p>\n<h3>Etiquetas<\/h3>\n<p>Bordamos etiquetas con tu nombre, con el nombre de tu marca, logotipo\u2026<\/p>\n<p>Adem\u00e1s tambi\u00e9n tenemos etiquetas para marcar la ropa, tanto para planchar como para coser, en rollos de 100 unidades.[\/vc_column_text][\/qode_elements_holder_item][\/qode_elements_holder][\/vc_column][\/vc_row][vc_row css_animation=\u00bb\u00bb row_type=\u00bbrow\u00bb use_row_as_full_screen_section=\u00bbno\u00bb type=\u00bbgrid\u00bb angled_section=\u00bbno\u00bb text_align=\u00bbcenter\u00bb background_image_as_pattern=\u00bbwithout_pattern\u00bb padding_bottom=\u00bb113&#8243; z_index=\u00bb\u00bb][vc_column][vc_separator type=\u00bbsmall\u00bb position=\u00bbcenter\u00bb width_in_percentages=\u00bbyes\u00bb color=\u00bb#f6f6f6&#8243; transparency=\u00bb1&#8243; thickness=\u00bb1&#8243; width=\u00bb100&#8243; up=\u00bb64&#8243; down=\u00bb74&#8243;][vc_column_text]<\/p>\n<h2>\u00bfTienes dudas?<\/h2>\n<p>[\/vc_column_text][vc_empty_space height=\u00bb23px\u00bb][qode_elements_holder number_of_columns=\u00bbone_column\u00bb][qode_elements_holder_item advanced_animations=\u00bbno\u00bb item_padding=\u00bb0px 15% 0 15%\u00bb item_padding_768_1024=\u00bb0px 15% 0 15%\u00bb item_padding_600_768=\u00bb0px 5% 0 5%\u00bb item_padding_480_600=\u00bb0px 0% 0 0%\u00bb item_padding_480=\u00bb0px 0% 0 0%\u00bb]<div role=\"form\" class=\"wpcf7\" id=\"wpcf7-f975-o1\" lang=\"es-ES\" dir=\"ltr\">\n<div class=\"screen-reader-response\"><p role=\"status\" aria-live=\"polite\" aria-atomic=\"true\"><\/p> <ul><\/ul><\/div>\n<form action=\"\/es\/wp-json\/wp\/v2\/pages\/784#wpcf7-f975-o1\" method=\"post\" class=\"wpcf7-form init cf7_custom_style_1\" novalidate=\"novalidate\" data-status=\"init\">\n<div style=\"display: none;\">\n<input type=\"hidden\" name=\"_wpcf7\" value=\"975\" \/>\n<input type=\"hidden\" name=\"_wpcf7_version\" value=\"5.3.2\" \/>\n<input type=\"hidden\" name=\"_wpcf7_locale\" value=\"es_ES\" \/>\n<input type=\"hidden\" name=\"_wpcf7_unit_tag\" value=\"wpcf7-f975-o1\" \/>\n<input type=\"hidden\" name=\"_wpcf7_container_post\" value=\"0\" \/>\n<input type=\"hidden\" name=\"_wpcf7_posted_data_hash\" value=\"\" \/>\n<input type=\"hidden\" name=\"_wpcf7_recaptcha_response\" value=\"\" \/>\n<\/div>\n<div>\n<label> Nom*: <span class=\"wpcf7-form-control-wrap your-name\"><input type=\"text\" name=\"your-name\" value=\"\" size=\"40\" class=\"wpcf7-form-control wpcf7-text wpcf7-validates-as-required\" aria-required=\"true\" aria-invalid=\"false\" \/><\/span> <\/label>\n<\/div>\n<div class=\"two_columns_form_without_space\" style=\"width:100%\">\n<div class=\"column_left\" style=\"width:50%; padding-right: 20px\">\n<label> Email*: <span class=\"wpcf7-form-control-wrap your-email\"><input type=\"email\" name=\"your-email\" value=\"\" size=\"40\" class=\"wpcf7-form-control wpcf7-text wpcf7-email wpcf7-validates-as-required wpcf7-validates-as-email\" aria-required=\"true\" aria-invalid=\"false\" \/><\/span> <\/label>\n<\/div>\n<div class=\"column_right\" style=\"width:50%; padding-left: 20px\"\">\n<label> Tel\u00e8fon*: <span class=\"wpcf7-form-control-wrap tel-812\"><input type=\"tel\" name=\"tel-812\" value=\"\" size=\"40\" class=\"wpcf7-form-control wpcf7-text wpcf7-tel wpcf7-validates-as-required wpcf7-validates-as-tel\" aria-required=\"true\" aria-invalid=\"false\" \/><\/span> <\/label>\n<\/div>\n<\/div>\n<p><label> Consulta:<br \/>\n    <span class=\"wpcf7-form-control-wrap your-message\"><textarea name=\"your-message\" cols=\"40\" rows=\"10\" class=\"wpcf7-form-control wpcf7-textarea\" aria-invalid=\"false\"><\/textarea><\/span> <\/label><br \/>\n<span class=\"wpcf7-form-control-wrap acceptance-689\"><span class=\"wpcf7-form-control wpcf7-acceptance\"><span class=\"wpcf7-list-item\"><input type=\"checkbox\" name=\"acceptance-689\" value=\"1\" aria-invalid=\"false\" \/><\/span><\/span><\/span> He llegit i accepto la pol\u00edtica de privacitat.<br \/>\n<br><br \/>\n<br><br \/>\n<input type=\"submit\" value=\"Enviar\" class=\"wpcf7-form-control wpcf7-submit\" \/><\/p>\n<input type='hidden' class='wpcf7-pum' value='{\"closepopup\":false,\"closedelay\":0,\"openpopup\":false,\"openpopup_id\":0}' \/><div class=\"wpcf7-response-output\" aria-hidden=\"true\"><\/div><\/form><\/div>[\/qode_elements_holder_item][\/qode_elements_holder][\/vc_column][\/vc_row]<\/p>\n","protected":false},"excerpt":{"rendered":"<p>[vc_row css_animation=\u00bb\u00bb row_type=\u00bbrow\u00bb use_row_as_full_screen_section=\u00bbno\u00bb type=\u00bbgrid\u00bb angled_section=\u00bbno\u00bb text_align=\u00bbcenter\u00bb background_image_as_pattern=\u00bbwithout_pattern\u00bb z_index=\u00bb\u00bb][vc_column][qode_elements_holder number_of_columns=\u00bbone_column\u00bb][qode_elements_holder_item horizontal_alignment=\u00bbcenter\u00bb advanced_animations=\u00bbno\u00bb item_padding=\u00bb0 14% 0 14%\u00bb][vc_column_text] Qu\u00e9 bordamos? [\/vc_column_text][vc_empty_space][vc_column_text]En nuestra tienda podr\u00e1s bordar todo el que necesites, juegos de cama, cazadoras, almohadas, toallas, fundas de sof\u00e1, mantas de caballo, camisas, pa\u00f1uelos,\u00a0polos, mochilas,\u00a0monos\u00a0de esquiar, batas de&#8230;<\/p>\n","protected":false},"author":1,"featured_media":0,"parent":0,"menu_order":0,"comment_status":"open","ping_status":"closed","template":"","meta":[],"_links":{"self":[{"href":"https:\/\/www.brodatsfilafil.com\/es\/wp-json\/wp\/v2\/pages\/784"}],"collection":[{"href":"https:\/\/www.brodatsfilafil.com\/es\/wp-json\/wp\/v2\/pages"}],"about":[{"href":"https:\/\/www.brodatsfilafil.com\/es\/wp-json\/wp\/v2\/types\/page"}],"author":[{"embeddable":true,"href":"https:\/\/www.brodatsfilafil.com\/es\/wp-json\/wp\/v2\/users\/1"}],"replies":[{"embeddable":true,"href":"https:\/\/www.brodatsfilafil.com\/es\/wp-json\/wp\/v2\/comments?post=784"}],"version-history":[{"count":6,"href":"https:\/\/www.brodatsfilafil.com\/es\/wp-json\/wp\/v2\/pages\/784\/revisions"}],"predecessor-version":[{"id":998,"href":"https:\/\/www.brodatsfilafil.com\/es\/wp-json\/wp\/v2\/pages\/784\/revisions\/998"}],"wp:attachment":[{"href":"https:\/\/www.brodatsfilafil.com\/es\/wp-json\/wp\/v2\/media?parent=784"}],"curies":[{"name":"wp","href":"https:\/\/api.w.org\/{rel}","templated":true}]}}