{"id":772,"date":"2018-03-21T10:45:43","date_gmt":"2018-03-21T10:45:43","guid":{"rendered":"https:\/\/www.brodatsfilafil.com\/about\/"},"modified":"2020-12-02T11:42:07","modified_gmt":"2020-12-02T10:42:07","slug":"nosotros","status":"publish","type":"page","link":"https:\/\/www.brodatsfilafil.com\/es\/nosotros\/","title":{"rendered":"Nosotros"},"content":{"rendered":"<p>[vc_row css_animation=\u00bb\u00bb row_type=\u00bbrow\u00bb use_row_as_full_screen_section=\u00bbno\u00bb type=\u00bbgrid\u00bb angled_section=\u00bbno\u00bb text_align=\u00bbcenter\u00bb background_image_as_pattern=\u00bbwithout_pattern\u00bb padding_top=\u00bb37&#8243; z_index=\u00bb\u00bb][vc_column][vc_single_image image=\u00bb167&#8243; img_size=\u00bbfull\u00bb alignment=\u00bbcenter\u00bb qode_css_animation=\u00bb\u00bb][vc_empty_space height=\u00bb50px\u00bb][qode_elements_holder number_of_columns=\u00bbone_column\u00bb][qode_elements_holder_item advanced_animations=\u00bbno\u00bb item_padding=\u00bb0 14% 0 14%\u00bb][vc_column_text]<\/p>\n<h1>Qui som&#8230;<\/h1>\n<p>[\/vc_column_text][vc_empty_space height=\u00bb29px\u00bb][vc_column_text]<strong>Somos una empresa lider en el mercado del bordado con m\u00e1s de 25 a\u00f1os de experiencia en el sector, que nos han convertido en especialistas en el bordado.<\/strong><\/p>\n<p>Brodats Fil a Fil es un negocio familiar que a ido creciente a lo largo de los a\u00f1os. La tienda empez\u00f3 en el n\u00famero 5 de Major de Sarria en Barcelona hace m\u00e1s de 25 a\u00f1os, con Clara y Carlos al frente, actualmente el taller se encuentra en la calle Fontcoberta 28 donde tambi\u00e9n podr\u00e1s encontrar a Cl\u00e0udia, su hija.<\/p>\n<p>Adem\u00e1s, durante estos a\u00f1os, nuestra profesionalidad se ha ido compartiendo y hemos bordado por gente de pr\u00e1cticamente todo el mundo. Actualmente, tenemos clientes que nos env\u00edan los productos peri\u00f3dicamente desde diferentes partes del mundo para que los bordemos nosotros.<\/p>\n<p>Brodats Fil a Fil no solo es una tienda del barrio de Sarri\u00e0 donde se puede ir a bordar todo lo que necesites, sino que tambi\u00e9n borda al mayor para grandes empresas. Colaboramos con empresas de decoraci\u00f3n de casas de alto standing, bordamos para mayoristas de ropa de casa dise\u00f1ando los dibujos y logotipos, bordamos para mayoristas de moda y confecci\u00f3n, bordamos para mayoristas infantiles, hemos sido los bordadores del muestrario de temporada de Mango, bordamos todas las temporadas de Mango HE.<\/p>\n<p>Contacto con nosotros, para que hagamos realidad tus ideas, explica lo que necesitas y para cuando, y nosotros te aconsejaremos de la mejor manera.<\/p>\n<p>En nuestras tiendas encontrar\u00e1s calidad y profesionalidad en el mejor precio.[\/vc_column_text][vc_empty_space height=\u00bb47px\u00bb][\/qode_elements_holder_item][\/qode_elements_holder][\/vc_column][\/vc_row][vc_row css_animation=\u00bb\u00bb row_type=\u00bbrow\u00bb use_row_as_full_screen_section=\u00bbno\u00bb type=\u00bbgrid\u00bb angled_section=\u00bbno\u00bb text_align=\u00bbcenter\u00bb background_image_as_pattern=\u00bbwithout_pattern\u00bb padding_bottom=\u00bb113&#8243; z_index=\u00bb\u00bb][vc_column][vc_separator type=\u00bbsmall\u00bb position=\u00bbcenter\u00bb width_in_percentages=\u00bbyes\u00bb color=\u00bb#f6f6f6&#8243; transparency=\u00bb1&#8243; thickness=\u00bb1&#8243; width=\u00bb100&#8243; up=\u00bb64&#8243; down=\u00bb74&#8243;][vc_column_text]<\/p>\n<h2>\u00bfTienes dudas?<\/h2>\n<p>[\/vc_column_text][vc_empty_space height=\u00bb23px\u00bb][qode_elements_holder number_of_columns=\u00bbone_column\u00bb][qode_elements_holder_item advanced_animations=\u00bbno\u00bb item_padding=\u00bb0px 25% 0 25%\u00bb item_padding_768_1024=\u00bb0px 15% 0 15%\u00bb item_padding_600_768=\u00bb0px 5% 0 5%\u00bb item_padding_480_600=\u00bb0px 0% 0 0%\u00bb item_padding_480=\u00bb0px 0% 0 0%\u00bb]<div role=\"form\" class=\"wpcf7\" id=\"wpcf7-f975-o1\" lang=\"es-ES\" dir=\"ltr\">\n<div class=\"screen-reader-response\"><p role=\"status\" aria-live=\"polite\" aria-atomic=\"true\"><\/p> <ul><\/ul><\/div>\n<form action=\"\/es\/wp-json\/wp\/v2\/pages\/772#wpcf7-f975-o1\" method=\"post\" class=\"wpcf7-form init cf7_custom_style_1\" novalidate=\"novalidate\" data-status=\"init\">\n<div style=\"display: none;\">\n<input type=\"hidden\" name=\"_wpcf7\" value=\"975\" \/>\n<input type=\"hidden\" name=\"_wpcf7_version\" value=\"5.3.2\" \/>\n<input type=\"hidden\" name=\"_wpcf7_locale\" value=\"es_ES\" \/>\n<input type=\"hidden\" name=\"_wpcf7_unit_tag\" value=\"wpcf7-f975-o1\" \/>\n<input type=\"hidden\" name=\"_wpcf7_container_post\" value=\"0\" \/>\n<input type=\"hidden\" name=\"_wpcf7_posted_data_hash\" value=\"\" \/>\n<input type=\"hidden\" name=\"_wpcf7_recaptcha_response\" value=\"\" \/>\n<\/div>\n<div>\n<label> Nom*: <span class=\"wpcf7-form-control-wrap your-name\"><input type=\"text\" name=\"your-name\" value=\"\" size=\"40\" class=\"wpcf7-form-control wpcf7-text wpcf7-validates-as-required\" aria-required=\"true\" aria-invalid=\"false\" \/><\/span> <\/label>\n<\/div>\n<div class=\"two_columns_form_without_space\" style=\"width:100%\">\n<div class=\"column_left\" style=\"width:50%; padding-right: 20px\">\n<label> Email*: <span class=\"wpcf7-form-control-wrap your-email\"><input type=\"email\" name=\"your-email\" value=\"\" size=\"40\" class=\"wpcf7-form-control wpcf7-text wpcf7-email wpcf7-validates-as-required wpcf7-validates-as-email\" aria-required=\"true\" aria-invalid=\"false\" \/><\/span> <\/label>\n<\/div>\n<div class=\"column_right\" style=\"width:50%; padding-left: 20px\"\">\n<label> Tel\u00e8fon*: <span class=\"wpcf7-form-control-wrap tel-812\"><input type=\"tel\" name=\"tel-812\" value=\"\" size=\"40\" class=\"wpcf7-form-control wpcf7-text wpcf7-tel wpcf7-validates-as-required wpcf7-validates-as-tel\" aria-required=\"true\" aria-invalid=\"false\" \/><\/span> <\/label>\n<\/div>\n<\/div>\n<p><label> Consulta:<br \/>\n    <span class=\"wpcf7-form-control-wrap your-message\"><textarea name=\"your-message\" cols=\"40\" rows=\"10\" class=\"wpcf7-form-control wpcf7-textarea\" aria-invalid=\"false\"><\/textarea><\/span> <\/label><br \/>\n<span class=\"wpcf7-form-control-wrap acceptance-689\"><span class=\"wpcf7-form-control wpcf7-acceptance\"><span class=\"wpcf7-list-item\"><input type=\"checkbox\" name=\"acceptance-689\" value=\"1\" aria-invalid=\"false\" \/><\/span><\/span><\/span> He llegit i accepto la pol\u00edtica de privacitat.<br \/>\n<br><br \/>\n<br><br \/>\n<input type=\"submit\" value=\"Enviar\" class=\"wpcf7-form-control wpcf7-submit\" \/><\/p>\n<input type='hidden' class='wpcf7-pum' value='{\"closepopup\":false,\"closedelay\":0,\"openpopup\":false,\"openpopup_id\":0}' \/><div class=\"wpcf7-response-output\" aria-hidden=\"true\"><\/div><\/form><\/div>[\/qode_elements_holder_item][\/qode_elements_holder][\/vc_column][\/vc_row]<\/p>\n","protected":false},"excerpt":{"rendered":"<p>[vc_row css_animation=\u00bb\u00bb row_type=\u00bbrow\u00bb use_row_as_full_screen_section=\u00bbno\u00bb type=\u00bbgrid\u00bb angled_section=\u00bbno\u00bb text_align=\u00bbcenter\u00bb background_image_as_pattern=\u00bbwithout_pattern\u00bb padding_top=\u00bb37&#8243; z_index=\u00bb\u00bb][vc_column][vc_single_image image=\u00bb167&#8243; img_size=\u00bbfull\u00bb alignment=\u00bbcenter\u00bb qode_css_animation=\u00bb\u00bb][vc_empty_space height=\u00bb50px\u00bb][qode_elements_holder number_of_columns=\u00bbone_column\u00bb][qode_elements_holder_item advanced_animations=\u00bbno\u00bb item_padding=\u00bb0 14% 0 14%\u00bb][vc_column_text] Qui som&#8230; [\/vc_column_text][vc_empty_space height=\u00bb29px\u00bb][vc_column_text]Somos una empresa lider en el mercado del bordado con m\u00e1s de 25 a\u00f1os de experiencia en el sector, que nos&#8230;<\/p>\n","protected":false},"author":1,"featured_media":0,"parent":0,"menu_order":0,"comment_status":"closed","ping_status":"closed","template":"full_width.php","meta":[],"_links":{"self":[{"href":"https:\/\/www.brodatsfilafil.com\/es\/wp-json\/wp\/v2\/pages\/772"}],"collection":[{"href":"https:\/\/www.brodatsfilafil.com\/es\/wp-json\/wp\/v2\/pages"}],"about":[{"href":"https:\/\/www.brodatsfilafil.com\/es\/wp-json\/wp\/v2\/types\/page"}],"author":[{"embeddable":true,"href":"https:\/\/www.brodatsfilafil.com\/es\/wp-json\/wp\/v2\/users\/1"}],"replies":[{"embeddable":true,"href":"https:\/\/www.brodatsfilafil.com\/es\/wp-json\/wp\/v2\/comments?post=772"}],"version-history":[{"count":6,"href":"https:\/\/www.brodatsfilafil.com\/es\/wp-json\/wp\/v2\/pages\/772\/revisions"}],"predecessor-version":[{"id":780,"href":"https:\/\/www.brodatsfilafil.com\/es\/wp-json\/wp\/v2\/pages\/772\/revisions\/780"}],"wp:attachment":[{"href":"https:\/\/www.brodatsfilafil.com\/es\/wp-json\/wp\/v2\/media?parent=772"}],"curies":[{"name":"wp","href":"https:\/\/api.w.org\/{rel}","templated":true}]}}