{"id":762,"date":"2020-11-27T21:10:29","date_gmt":"2020-11-27T20:10:29","guid":{"rendered":"https:\/\/www.brodatsfilafil.com\/politica-de-privacidad\/"},"modified":"2020-11-27T21:10:29","modified_gmt":"2020-11-27T20:10:29","slug":"politica-de-privacidad","status":"publish","type":"page","link":"https:\/\/www.brodatsfilafil.com\/es\/politica-de-privacidad\/","title":{"rendered":"POLITICA DE PRIVACIDAD"},"content":{"rendered":"\n<h1>POLITICA DE PRIVACIDAD<\/h1>\n\n\n\n<p>Esta Pol\u00edtica de Privacidad describe las normas y procedimientos relativos a la solicitud, recogida, tratamiento, almacenamiento y usos de la informaci\u00f3n de car\u00e1cter personal y es de aplicaci\u00f3n a los servicios ofrecidos por Brodats Fil a Fil en www.brodatsfilafil.com.<\/p>\n\n\n\n<p><\/p>\n\n\n\n<figure class=\"wp-block-table\"><table><tbody><tr><td>Identidad:<\/td><td>Clara Faura Benejam &#8211; 46114812L, en adelante Brodats Fil a Fil<\/td><\/tr><tr><td>Direcci\u00f3n postal:<\/td><td>c. Fontcoberta 28, 08834 &#8211; Barcelona, Espana<\/td><\/tr><tr><td>Correo electr\u00f3nico:<\/td><td>info@brodatsfilafil.com<\/td><\/tr><\/tbody><\/table><\/figure>\n\n\n\n<h4><strong>INFORMACI\u00d3N PERSONAL RECOGIDA EN LA WEB Y FINALIDAD:<\/strong><\/h4>\n\n\n\n<p>Nuestra web es de car\u00e1cter informativo y tambi\u00e9n ofrece la posibilidad de realizar compras on-line de nuestros productos. La web recoge datos personales en los siguientes momentos y los tratamos conforme a las siguientes finalidades:<\/p>\n\n\n\n<p><\/p>\n\n\n\n<ul><li><strong>Formulario de contacto<\/strong>: tenemos un formulario de contacto para que nos puedas consultar tus las dudas. Solicitamos el nombre y un email. Cuando nos env\u00edes el formulario de contacto utilizaremos tus datos personales para analizar tu consulta, contactar contigo para darte respuesta y\/o enviarte informaci\u00f3n que nos hayas requerido.<\/li><li><strong>Proceso de compra<\/strong>: cuando realizas la compra de un producto te solicitamos tus datos personales necesarios para gestionar dicha compra, entrega del producto y realizar las tareas administrativas correspondientes.<\/li><li><strong>Mediante Cookies<\/strong>: nuestra web instala cookies que recogen informaci\u00f3n sobre la navegaci\u00f3n, te recomendamos que leas la\u00a0<a href=\"https:\/\/www.brodatsfilafil.com\/politica-de-cookies\/\" data-type=\"page\" data-id=\"701\">pol\u00edtica de cookies<\/a>\u00a0para informaci\u00f3n completa al respecto.<\/li><li><strong>Mediante Google Analytics:<\/strong>\u00a0Google Analytics utiliza cookies para ayudar a analizar el uso que un usuario hace de la web, y su informaci\u00f3n se transmite y archiva en sus servidores de Estados Unidos. Google usar\u00e1 esta informaci\u00f3n por cuenta de Kiwi+Pomelo con el prop\u00f3sito de seguir la pista de su uso de la web, recopilando informes de su actividad y prestando otros servicios relacionados con el uso de Internet. Tambi\u00e9n podr\u00e1 transmitir esta informaci\u00f3n a terceros cuando as\u00ed lo requiera la legislaci\u00f3n.<\/li><\/ul>\n\n\n\n<p><\/p>\n\n\n\n<p>Trataremos tus datos personales durante el tiempo necesario para atender tu consulta, gestionar la compra que hayas realizado, y despu\u00e9s se guardar\u00e1n bloqueados durante el tiempo necesario para la defensa ante posibles reclamaciones y para cumplir con las obligaciones legales que puedan haberse generado.<\/p>\n\n\n\n<h4><strong>CESIONES DE LOS DATOS PERSONALES<\/strong><\/h4>\n\n\n\n<p>La informaci\u00f3n relativa a nuestros clientes es una parte fundamental de nuestro negocio y no vendemos la misma a terceros. KUKO STUDIO comparte la informaci\u00f3n de sus clientes s\u00f3lo del modo descrito a continuaci\u00f3n:<\/p>\n\n\n\n<ul><li><strong>Terceros proveedores de servicios:<\/strong>\u00a0Contratamos a otras sociedades y personas para realizar ciertas funciones en nuestro nombre, como realizar el servicio de transporte a la direcci\u00f3n remitir\u00e1 u ofrecer servicio de atenci\u00f3n al cliente. Tendr\u00e1n acceso a la informaci\u00f3n necesaria para realizar sus funciones, pero no podr\u00e1n utilizarla para otros fines.<\/li><li><strong>Obligaciones legales expresas:<\/strong>\u00a0Fuera de estos supuestos no se cede tus datos a terceros salvo por obligaciones legales expresas y requerimiento judicial o policial.<\/li><\/ul>\n\n\n\n<p><\/p>\n\n\n\n<h4><strong>DERECHOS SOBRE LOS DATOS:<\/strong><\/h4>\n\n\n\n<p>Si tratamos tus datos debes saber que tus derechos son:<\/p>\n\n\n\n<ul><li>Derecho a solicitar el acceso a los datos personales: podr\u00e1s preguntar si desde Brodats Fil a Fil estamos tratando tus datos, y en caso afirmativo acceder a los mismos.<\/li><li>Derecho a solicitar la rectificaci\u00f3n si los datos son inexactos, o completar los datos que tengamos incompletos.<\/li><li>Derecho a solicitar la supresi\u00f3n de tus datos.<\/li><li>Derecho a solicitar la limitaci\u00f3n de su tratamiento: en este caso Brodats Fil a Fil \u00fanicamente los conservar\u00e1 para el ejercicio o la defensa de reclamaciones.<\/li><li>Derecho a oponerse al tratamiento: dejaremos de tratar los datos personales, con la excepci\u00f3n que deban seguir trat\u00e1ndose por motivos leg\u00edtimos o para el ejercicio o defensa de posibles reclamaciones.<\/li><li>Derecho a la portabilidad de los datos: en caso de que quieras que tus datos sean tratados por otro responsable del tratamiento, te facilitaremos el trasvase de tus datos al nuevo responsable.<\/li><li>Derecho a no ser objeto de una decisi\u00f3n basada \u00fanicamente en el tratamiento automatizado de sus datos personales.<\/li><\/ul>\n\n\n\n<p>Para ejercer tus derechos debes contactar con nosotros enviando un email a info@brodatsfilafil.com o por escrito a la direcci\u00f3n postal que consta en este documento.\u00a0<\/p>\n\n\n\n<div style=\"height:204px\" aria-hidden=\"true\" class=\"wp-block-spacer\"><\/div>\n","protected":false},"excerpt":{"rendered":"<p>POLITICA DE PRIVACIDAD Esta Pol\u00edtica de Privacidad describe las normas y procedimientos relativos a la solicitud, recogida, tratamiento, almacenamiento y usos de la informaci\u00f3n de car\u00e1cter personal y es de aplicaci\u00f3n a los servicios ofrecidos por Brodats Fil a Fil en www.brodatsfilafil.com. Identidad: Clara Faura&#8230;<\/p>\n","protected":false},"author":1,"featured_media":0,"parent":0,"menu_order":0,"comment_status":"closed","ping_status":"closed","template":"","meta":[],"_links":{"self":[{"href":"https:\/\/www.brodatsfilafil.com\/es\/wp-json\/wp\/v2\/pages\/762"}],"collection":[{"href":"https:\/\/www.brodatsfilafil.com\/es\/wp-json\/wp\/v2\/pages"}],"about":[{"href":"https:\/\/www.brodatsfilafil.com\/es\/wp-json\/wp\/v2\/types\/page"}],"author":[{"embeddable":true,"href":"https:\/\/www.brodatsfilafil.com\/es\/wp-json\/wp\/v2\/users\/1"}],"replies":[{"embeddable":true,"href":"https:\/\/www.brodatsfilafil.com\/es\/wp-json\/wp\/v2\/comments?post=762"}],"version-history":[{"count":0,"href":"https:\/\/www.brodatsfilafil.com\/es\/wp-json\/wp\/v2\/pages\/762\/revisions"}],"wp:attachment":[{"href":"https:\/\/www.brodatsfilafil.com\/es\/wp-json\/wp\/v2\/media?parent=762"}],"curies":[{"name":"wp","href":"https:\/\/api.w.org\/{rel}","templated":true}]}}