{"id":760,"date":"2020-11-27T18:28:46","date_gmt":"2020-11-27T17:28:46","guid":{"rendered":"https:\/\/www.brodatsfilafil.com\/devoluciones\/"},"modified":"2020-11-27T18:28:46","modified_gmt":"2020-11-27T17:28:46","slug":"devoluciones","status":"publish","type":"page","link":"https:\/\/www.brodatsfilafil.com\/es\/devoluciones\/","title":{"rendered":"DEVOLUCIONES"},"content":{"rendered":"\n<h1>DEVOLUCIONES<\/h1>\n\n\n\n<p>Para tramitar la devoluci\u00f3n, env\u00edanos un email a info@brodatsfilafil.com o ll\u00e1manos al tel\u00e9fono\u00a0<strong>93 204 99 76<\/strong>, y te informaremos de c\u00f3mo proceder.<\/p>\n\n\n\n<p><br>Los<strong>\u00a0productos personalizados<\/strong>\u00a0no podr\u00e1n devolverse seg\u00fan la Ley 3\/2014. Si el fallo es nuestro a la hora de personalizarlo, por supuesto que ser\u00e1 posible la devoluci\u00f3n y reposici\u00f3n del producto personalizado.<\/p>\n\n\n\n<p><\/p>\n\n\n\n<p>En el caso que recibas un paquete en mal estado por culpa del transporte, por favor, ponte en contacto con nosotros y env\u00edanos unas fotograf\u00edas para poder reclamar a la agencia de transporte. Nosotros te enviaremos con la mayor brevedad posible el pedido de nuevo.<\/p>\n\n\n\n<div style=\"height:100px\" aria-hidden=\"true\" class=\"wp-block-spacer\"><\/div>\n","protected":false},"excerpt":{"rendered":"<p>DEVOLUCIONES Para tramitar la devoluci\u00f3n, env\u00edanos un email a info@brodatsfilafil.com o ll\u00e1manos al tel\u00e9fono\u00a093 204 99 76, y te informaremos de c\u00f3mo proceder. Los\u00a0productos personalizados\u00a0no podr\u00e1n devolverse seg\u00fan la Ley 3\/2014. Si el fallo es nuestro a la hora de personalizarlo, por supuesto que ser\u00e1&#8230;<\/p>\n","protected":false},"author":1,"featured_media":0,"parent":0,"menu_order":0,"comment_status":"closed","ping_status":"closed","template":"","meta":[],"_links":{"self":[{"href":"https:\/\/www.brodatsfilafil.com\/es\/wp-json\/wp\/v2\/pages\/760"}],"collection":[{"href":"https:\/\/www.brodatsfilafil.com\/es\/wp-json\/wp\/v2\/pages"}],"about":[{"href":"https:\/\/www.brodatsfilafil.com\/es\/wp-json\/wp\/v2\/types\/page"}],"author":[{"embeddable":true,"href":"https:\/\/www.brodatsfilafil.com\/es\/wp-json\/wp\/v2\/users\/1"}],"replies":[{"embeddable":true,"href":"https:\/\/www.brodatsfilafil.com\/es\/wp-json\/wp\/v2\/comments?post=760"}],"version-history":[{"count":0,"href":"https:\/\/www.brodatsfilafil.com\/es\/wp-json\/wp\/v2\/pages\/760\/revisions"}],"wp:attachment":[{"href":"https:\/\/www.brodatsfilafil.com\/es\/wp-json\/wp\/v2\/media?parent=760"}],"curies":[{"name":"wp","href":"https:\/\/api.w.org\/{rel}","templated":true}]}}