{"id":759,"date":"2020-11-27T19:26:22","date_gmt":"2020-11-27T18:26:22","guid":{"rendered":"https:\/\/www.brodatsfilafil.com\/condiciones-de-venta\/"},"modified":"2020-11-27T19:26:22","modified_gmt":"2020-11-27T18:26:22","slug":"condiciones-de-venta","status":"publish","type":"page","link":"https:\/\/www.brodatsfilafil.com\/es\/condiciones-de-venta\/","title":{"rendered":"CONDICIONES DE VENTA"},"content":{"rendered":"\n<h1>CONDICIONES DE USO<\/h1>\n\n\n\n<h4><strong>DATOS IDENTIFICATIVOS<\/strong><\/h4>\n\n\n\n<p>Dominio en internet:&nbsp;www.brodatsfilafil.com<\/p>\n\n\n\n<p>Nombre comercial: Brodats Fil a Fil<br>Raz\u00f3n social: Clara Faura Benejam<br>NIF: 46114812-L<br>Domicilio: C\/ Fontcoberta 28, 08034 Barcelona<br>Correo electr\u00f3nico: info@brodatsfilafil.com<br>Tel\u00e9fono: 93 204 99 76<\/p>\n\n\n\n<h4><strong>Objeto<\/strong><\/h4>\n\n\n\n<p>El objeto de LA WEB es la venta de productos y servicios. Concretamente, productos personalizados, las caracter\u00edsticas de los mismos aparecen reflejadas seleccionando cada producto de forma individual a trav\u00e9s de la web.<\/p>\n\n\n\n<p>El acceso a la p\u00e1gina web es gratuito salvo en lo relativo al coste de la conexi\u00f3n a trav\u00e9s de la red de telecomunicaciones suministrada por el proveedor de acceso contratado por EL USUARIO.<\/p>\n\n\n\n<p>Las Condiciones de Uso, tienen por objeto definir las condiciones en las que se realizan las ventas de los productos propuestos en la p\u00e1gina web del TITULAR.<br>Las compras realizadas a trav\u00e9s de la plataforma establecen la creaci\u00f3n de un contrato concluido a distancia, que necesariamente implica la aceptaci\u00f3n del mismo, sin restricciones ni reservas, por parte de sus CLIENTES seg\u00fan Condiciones Generales de Contrataci\u00f3n que se explican a continuaci\u00f3n.<\/p>\n\n\n\n<p>Este contrato queda establecido desde el momento en el que un usuario crea un pedido y se confirma el pago que \u00e9ste ha realizado, aceptando as\u00ed las siguientes Condiciones Generales de Contrataci\u00f3n.<\/p>\n\n\n\n<p><\/p>\n\n\n\n<h4><strong>CONDICIONES GENERALES DE CONTRATACI\u00d3N<\/strong><\/h4>\n\n\n\n<p><strong>1. PRECIOS<\/strong><\/p>\n\n\n\n<p>Los precios indicados junto a cada producto llevan los impuestos aplicables incluidos (IVA incluido). Los precios aparecen reflejados en euros. EL TITULAR se reserva en todo momento y unilateralmente el derecho a la modificaci\u00f3n del precio y\/o caracter\u00edsticas de los productos ofertados a trav\u00e9s de su p\u00e1gina web. Para garantizar al cliente la certeza y seguridad del precio y\/o caracter\u00edsticas de sus productos, \u00e9stos ser\u00e1n los vigentes en el momento de formalizar el pedido. En la informaci\u00f3n de confirmaci\u00f3n de pedido, con car\u00e1cter previo a que el comprador acepte la operaci\u00f3n, se especifican claramente los precios de cada uno de los art\u00edculos elegidos y las promociones o descuentos que, en su caso, sean de aplicaci\u00f3n. Los gastos generados por el transporte de los productos hasta la direcci\u00f3n indicada por EL CLIENTE est\u00e1n incluidos en el precio final que aparece en el pedido.<\/p>\n\n\n\n<p><\/p>\n\n\n\n<p><strong>2.INFORMACI\u00d3N PREVIA AL PROCESO DE COMPRA DE PRODUCTOS POR PARTE DEL CLIENTE:<\/strong><\/p>\n\n\n\n<p>El cliente debe seleccionar los productos que desea adquirir pulsando el bot\u00f3n \u201cA\u00f1adir al carrito\u201d situado sobre cada producto. \u00c9stos se a\u00f1adir\u00e1n al carrito de compra ubicado en la barra de men\u00fas superior de la web. Una vez seleccionados los productos, para proseguir con el proceso de compra, EL CLIENTE deber\u00e1 pulsar el bot\u00f3n \u201cIr a la caja\u201d que aparece en el TOTAL del pedido. En el siguiente paso aparecer\u00e1 el resumen del pedido y se solicitar\u00e1 la informaci\u00f3n de facturaci\u00f3n y env\u00edo. Seguidamente se debe seleccionar el medio de pago:  transferencia bancaria o Bizum. Una vez confirmado el pago por cualquiera de los dos medios anteriormente descritos, el documento de compra se enviar\u00e1 al correo electr\u00f3nico del CLIENTE y estar\u00e1 siempre disponible mediante solicitud al TITULAR de la web.<\/p>\n\n\n\n<p><\/p>\n\n\n\n<p><strong>3.INFORMACI\u00d3N POSTERIOR AL PROCESO DE COMPRA DE PRODUCTOS POR PARTE DEL CLIENTE:<\/strong><\/p>\n\n\n\n<p>Tras la finalizaci\u00f3n de la compra y validaci\u00f3n del pago realizado, EL CLIENTE recibir\u00e1 un correo electr\u00f3nico con el resumen de su compra y n\u00famero de pedido. Del mismo modo, el documento de compra estar\u00e1 siempre disponible mediante solicitud al TITULAR de la web. El correo electr\u00f3nico con la informaci\u00f3n del pedido se enviar\u00e1 cuando el TITULAR haya recibido la confirmaci\u00f3n del pago. El segundo m\u00e9todo es m\u00e1s lento debido a la forma de operar de cada entidad bancaria.<\/p>\n\n\n\n<p><\/p>\n\n\n\n<p><strong>4.MODALIDADES DE PAGO:<\/strong><\/p>\n\n\n\n<p>EL TITULAR utiliza un medio de pago: mediante transferencia bancaria o Bizum. EL CLIENTE deber\u00e1 elegir qu\u00e9 sistema de pago desea utilizar antes de seguir con la compra.<\/p>\n\n\n\n<p><\/p>\n\n\n\n<h4><strong>INTERACCIONES COMERCIALES<\/strong><\/h4>\n\n\n\n<p>La cumplimentaci\u00f3n y env\u00edo del formulario de pedido tiene la consideraci\u00f3n de aceptaci\u00f3n de los t\u00e9rminos de este contrato. EL USUARIO toma en estos momentos la consideraci\u00f3n de CLIENTE.<br><\/p>\n\n\n\n<p>La entrega de los pedidos se realizara a trav\u00e9s de una agencia de transporte ajena a EL TITULAR. Los pedidos se entregar\u00e1n en el domicilio indicado por EL CLIENTE, por lo que EL TITULAR no asume ninguna responsabilidad cuando la entrega no pueda efectuarse como consecuencia de que los datos facilitados sean inexactos o incompletos o cuando la entrega no pueda efectuarse por ausencia del destinatario. Sin perjuicio de lo anterior, EL TITULAR adoptar\u00e1 las medidas exigibles a un diligente comerciante para que la entrega pueda efectuarse lo antes posible, tanto para satisfacci\u00f3n del remitente como del destinatario. Los plazos de entrega indicados son aproximados y pueden sufrir alteraciones por causas o circunstancias especiales (fechas se\u00f1aladas como las navide\u00f1as, huelgas de transporte, acontecimientos extraordinarios\u2026), que en ning\u00fan caso son responsabilidad de EL TITULAR. EL TITULAR se compromete a comunicar a la agencia de transporte todos los comentarios relativos al mismo que se realicen en el formulario, no pudiendo garantizar el cumplimiento de las condiciones indicadas en los mismos, como por ejemplo, las entregas en horas espec\u00edficas y concretas.<br><\/p>\n\n\n\n<p>EL TITULAR no puede garantizar la entrega de los pedidos en hospitales, organismos p\u00fablicos u otros inmuebles en los que existan restricciones para el acceso al p\u00fablico en general, quedando cumplido el encargo y liberado de responsabilidad, cuando el pedido se haya puesto a disposici\u00f3n del destinatario en la recepci\u00f3n o lugar que haga las veces de control de acceso.<br><\/p>\n\n\n\n<p>El compromiso adquirido por EL TITULAR de venta y entrega de los productos ofertados queda supeditado al stock del producto anunciado y a la disponibilidad del mismo hasta fin de existencias, por lo que EL TITULAR, en su compromiso de calidad y servicio al cliente, intenta en todo momento que los productos publicitados est\u00e9n disponibles. Sin embargo, de concurrir circunstancias excepcionales como pedido abusivo, multipedido interactivo o aquellas otras que provoquen el fin de existencias del producto, el pedido y el contrato suscrito entre las partes quedar\u00e1n sin efecto en virtud de la presente cl\u00e1usula resolutoria, restituyendo \u00edntegramente al cliente en caso de prepago las cantidades pagadas por el mismo.<br><\/p>\n\n\n\n<p>Para cualquier informaci\u00f3n o consulta sobre su pedido, EL CLIENTE puede contactar con EL TITULAR a trav\u00e9s de cualquiera de los medios indicados anteriormente en estas condiciones de uso.<br><\/p>\n\n\n\n<p>EL TITULAR no aceptara ning\u00fan cambio o devoluci\u00f3n de productos sin autorizaci\u00f3n previa de la misma. Para ello, EL CLIENTE deber\u00e1 ponerse en contacto con EL TITULAR a trav\u00e9s de&nbsp;info@brodatsfilafil.com donde se le indicaran los pasos a seguir para llevar a buen t\u00e9rmino dicho cambio o devoluci\u00f3n.<\/p>\n\n\n\n<p>En el caso de que la cancelaci\u00f3n del pedido se produzca antes de que el mismo haya sido producido, se cancelar\u00e1 totalmente el pedido y se reembolsar\u00e1 el importe total del mismo sin gastos adicionales.<\/p>\n\n\n\n<h4><strong>DERECHOS DE PROPIEDAD INTELECTUAL<\/strong><\/h4>\n\n\n\n<p>El Usuario reconoce que todos los elementos de la Tienda y de cada uno de los Productos, la informaci\u00f3n y materiales contenidos en los mismos, las marcas, la estructura, selecci\u00f3n, ordenaci\u00f3n y presentaci\u00f3n de sus contenidos, y los programas de ordenador utilizados en relaci\u00f3n con ellos, est\u00e1n protegidos por derechos de propiedad intelectual e industrial del TITULAR o de terceros, y que las Condiciones Generales no le atribuyen respecto a dichos derechos de propiedad industrial e intelectual ning\u00fan otro derecho distinto de los espec\u00edficamente contemplados en las mismas.<\/p>\n\n\n\n<p><\/p>\n\n\n\n<h4><strong>LIMITACI\u00d3N DE RESPONSABILIDADES<\/strong><\/h4>\n\n\n\n<p>El USUARIO se compromete a no utilizar el sitio web y los servicios que se ofrecen en el mismo para la realizaci\u00f3n de actividades contrarias a la ley y a respetar en todo momento las presentes condiciones generales, absteni\u00e9ndose de utilizar el sitio web www.brodatsfilafil.com. de cualquier forma que pueda impedir, da\u00f1ar o deteriorar el normal funcionamiento del mismo, los bienes o derechos de EL TITULAR, del resto de Usuarios o en general de cualquier tercero.<\/p>\n\n\n\n<p>En particular, y sin que ello implique restricci\u00f3n alguna a la obligaci\u00f3n asumida por EL USUARIO con car\u00e1cter general de conformidad con el apartado anterior, EL USUARIO se obliga, en la utilizaci\u00f3n de LA WEB a:<\/p>\n\n\n\n<ul><li>No introducir, almacenar o difundir en o desde el sitio web, contenidos o propaganda de car\u00e1cter racista, xen\u00f3fobo, pornogr\u00e1fico, sexista, de apolog\u00eda del terrorismo o atentatorio contra los derechos humanos, o actuar en perjuicio de los derechos a la intimidad, al honor, a la propia imagen o contra la dignidad de las personas<\/li><li>No introducir, almacenar o difundir mediante el sitio web virus inform\u00e1ticos o cualesquiera otros sistemas f\u00edsicos o l\u00f3gicos que sean susceptibles de provocar da\u00f1os en los equipos inform\u00e1ticos de EL TITULAR o de terceros.<\/li><li>No introducir, almacenar o difundir en o desde el sitio web manifestaciones o referencias falsas, incorrectas o inexactas sobre las p\u00e1ginas, los productos y\/o los servicios de EL TITULAR.<\/li><\/ul>\n\n\n\n<p><\/p>\n\n\n\n<p>EL TITULAR no ser\u00e1 responsable:<\/p>\n\n\n\n<ul><li>Respecto del uso inadecuado del servicio.- EL USUARIO debe realizar un uso adecuado del servicio puesto a su disposici\u00f3n, sin que ninguna responsabilidad pueda tener EL TITULAR por la utilizaci\u00f3n indebida.<\/li><li>Respecto a las opiniones o contenidos.- EL TITULAR no se hace responsable directamente ni subsidiariamente de las opiniones o contenidos emitidos en los mensajes.<\/li><li>Respecto de posibles deficiencias t\u00e9cnicas.- La EMPRESA no ser\u00e1 responsable en ning\u00fan caso de las alteraciones en el servicio que se produzcan por fallos en la red el\u00e9ctrica, en la red de conexi\u00f3n de datos, en el servidor o en las prestaciones de los mismos<\/li><li>Respecto del contenido de p\u00e1ginas de terceros. EL TITULAR no es responsable de la informaci\u00f3n y dem\u00e1s contenidos integrados en espacios o p\u00e1ginas web de terceros accesibles desde LA WEB.<\/li><\/ul>\n\n\n\n<p><\/p>\n\n\n\n<p>EL TITULAR invierte incesantemente en dispositivos tecnol\u00f3gicos que tratan de minimizar el riesgo de virus y software similares, as\u00ed como de contenidos no autorizados en sus sistemas de informaci\u00f3n. Sin embargo, EL USUARIO debe ser consciente de que debe adoptar sus propias medidas orientadas a minimizar los da\u00f1os ocasionados por dicho software no autorizado, virus, troyanos y cualquier clase de software denominado malware, eximiendo a EL TITULAR de toda responsabilidad que pudiera derivarse de la contenci\u00f3n de malware en los ficheros habilitados en la presente web.<\/p>\n\n\n\n<p><\/p>\n\n\n\n<p>Como quiera que el uso de LA WEB puede suponer un tratamiento de datos personales le rogamos lea atentamente nuestra pol\u00edtica de privacidad al respecto.<\/p>\n\n\n\n<p>EL TITULAR se reserva el derecho de modificar, en todo momento y sin previo aviso, las presentes Condiciones Generales, as\u00ed como las Condiciones Particulares que, en su caso, se incluyan, mediante la publicaci\u00f3n de dichas modificaciones en el sitio web con el fin de que puedan ser conocidas por los Usuarios. En caso de que cualquier cl\u00e1usula del presente documento sea declarada nula, las dem\u00e1s cl\u00e1usulas seguir\u00e1n vigentes y se interpretar\u00e1n teniendo en cuenta la voluntad de las partes y la finalidad misma de las presentes condiciones.<\/p>\n\n\n\n<p><\/p>\n\n\n\n<p>EL TITULAR no ser\u00e1 responsable si no tiene conocimiento efectivo de que la actividad o la informaci\u00f3n a la que remite o recomienda es il\u00edcita o de que lesiona bienes o derechos de un tercero susceptibles de indemnizaci\u00f3n, o si lo tiene, act\u00faa con diligencia para suprimir o inutilizar el enlace correspondiente.<\/p>\n\n\n\n<div style=\"height:100px\" aria-hidden=\"true\" class=\"wp-block-spacer\"><\/div>\n","protected":false},"excerpt":{"rendered":"<p>CONDICIONES DE USO DATOS IDENTIFICATIVOS Dominio en internet:&nbsp;www.brodatsfilafil.com Nombre comercial: Brodats Fil a FilRaz\u00f3n social: Clara Faura BenejamNIF: 46114812-LDomicilio: C\/ Fontcoberta 28, 08034 BarcelonaCorreo electr\u00f3nico: info@brodatsfilafil.comTel\u00e9fono: 93 204 99 76 Objeto El objeto de LA WEB es la venta de productos y servicios. Concretamente, productos&#8230;<\/p>\n","protected":false},"author":1,"featured_media":0,"parent":0,"menu_order":0,"comment_status":"closed","ping_status":"closed","template":"","meta":[],"_links":{"self":[{"href":"https:\/\/www.brodatsfilafil.com\/es\/wp-json\/wp\/v2\/pages\/759"}],"collection":[{"href":"https:\/\/www.brodatsfilafil.com\/es\/wp-json\/wp\/v2\/pages"}],"about":[{"href":"https:\/\/www.brodatsfilafil.com\/es\/wp-json\/wp\/v2\/types\/page"}],"author":[{"embeddable":true,"href":"https:\/\/www.brodatsfilafil.com\/es\/wp-json\/wp\/v2\/users\/1"}],"replies":[{"embeddable":true,"href":"https:\/\/www.brodatsfilafil.com\/es\/wp-json\/wp\/v2\/comments?post=759"}],"version-history":[{"count":0,"href":"https:\/\/www.brodatsfilafil.com\/es\/wp-json\/wp\/v2\/pages\/759\/revisions"}],"wp:attachment":[{"href":"https:\/\/www.brodatsfilafil.com\/es\/wp-json\/wp\/v2\/media?parent=759"}],"curies":[{"name":"wp","href":"https:\/\/api.w.org\/{rel}","templated":true}]}}